{"id":464,"date":"2023-03-10T12:44:31","date_gmt":"2023-03-10T11:44:31","guid":{"rendered":"https:\/\/casinocertificate.com\/?post_type=product&#038;p=464"},"modified":"2023-12-07T14:46:26","modified_gmt":"2023-12-07T13:46:26","slug":"demi-voda-2","status":"publish","type":"product","link":"https:\/\/tacpoint.co.rs\/en\/proizvod\/tac\/demi-voda-2\/","title":{"rendered":"Demi Water"},"content":{"rendered":"<p>Demineralized water is characterized by exceptional purity of both heavy metals and other impurities. Demi water - demineralized water is intended for:<\/p>\n<ul>\n<li>steam irons<\/li>\n<li>car radiators<\/li>\n<li>accumulators<\/li>\n<li>antifreeze<\/li>\n<li>photochemistry<\/li>\n<li>laboratories<\/li>\n<\/ul>","protected":false},"excerpt":{"rendered":"<p>Demineralizovana voda se odlikuje izuzetnom \u010disto\u0107om kako na te\u0161ke metale tako i na ostale primese. Demi voda \u2013 demineralizovana voda namenjena je za: pegle na paru hladnjake automobila akumulatore antifrize fotohemiju laboratorije<\/p>","protected":false},"featured_media":0,"template":"","meta":{"_acf_changed":false},"product_brand":[],"product_cat":[17],"product_tag":[],"class_list":{"0":"post-464","1":"product","2":"type-product","3":"status-publish","5":"product_cat-tac","7":"first","8":"instock","9":"shipping-taxable","10":"purchasable","11":"product-type-variable","12":"has-default-attributes"},"acf":[],"yoast_head":"<!-- This site is optimized with the Yoast SEO plugin v27.4 - https:\/\/yoast.com\/product\/yoast-seo-wordpress\/ -->\n<title>Demi voda | TAC Point<\/title>\n<meta name=\"description\" content=\"Demi voda | Nudimo \u0161irok spektar proizvoda za \u010di\u0161c\u0301enje uklju\u010dujuc\u0301i sredstva za \u010di\u0161c\u0301enje stakla, deterd\u017eente za sudove i ve\u0161, omek\u0161iva\u010de...\" \/>\n<meta name=\"robots\" content=\"index, follow, max-snippet:-1, max-image-preview:large, max-video-preview:-1\" \/>\n<link rel=\"canonical\" href=\"https:\/\/tacpoint.co.rs\/en\/proizvod\/tac\/demi-voda-2\/\" \/>\n<meta property=\"og:locale\" content=\"en_GB\" \/>\n<meta property=\"og:type\" content=\"article\" \/>\n<meta property=\"og:title\" content=\"Demi voda | TAC Point\" \/>\n<meta property=\"og:description\" content=\"Demi voda | Nudimo \u0161irok spektar proizvoda za \u010di\u0161c\u0301enje uklju\u010dujuc\u0301i sredstva za \u010di\u0161c\u0301enje stakla, deterd\u017eente za sudove i ve\u0161, omek\u0161iva\u010de...\" \/>\n<meta property=\"og:url\" content=\"https:\/\/tacpoint.co.rs\/en\/proizvod\/tac\/demi-voda-2\/\" \/>\n<meta property=\"og:site_name\" content=\"TAC Point\" \/>\n<meta property=\"article:publisher\" content=\"https:\/\/www.facebook.com\/tacpointdoo\/\" \/>\n<meta property=\"article:modified_time\" content=\"2023-12-07T13:46:26+00:00\" \/>\n<meta property=\"og:image\" content=\"https:\/\/tacpoint.co.rs\/wp-content\/uploads\/2023\/03\/tac-logo.png\" \/>\n\t<meta property=\"og:image:width\" content=\"721\" \/>\n\t<meta property=\"og:image:height\" content=\"721\" \/>\n\t<meta property=\"og:image:type\" content=\"image\/png\" \/>\n<meta name=\"twitter:card\" content=\"summary_large_image\" \/>\n<meta name=\"twitter:label1\" content=\"Estimated reading time\" \/>\n\t<meta name=\"twitter:data1\" content=\"1 minute\" \/>\n<script type=\"application\/ld+json\" class=\"yoast-schema-graph\">{\"@context\":\"https:\\\/\\\/schema.org\",\"@graph\":[{\"@type\":\"WebPage\",\"@id\":\"https:\\\/\\\/tacpoint.co.rs\\\/proizvod\\\/tac\\\/demi-voda-2\\\/\",\"url\":\"https:\\\/\\\/tacpoint.co.rs\\\/proizvod\\\/tac\\\/demi-voda-2\\\/\",\"name\":\"Demi voda | TAC Point\",\"isPartOf\":{\"@id\":\"https:\\\/\\\/tacpoint.co.rs\\\/#website\"},\"datePublished\":\"2023-03-10T11:44:31+00:00\",\"dateModified\":\"2023-12-07T13:46:26+00:00\",\"description\":\"Demi voda | Nudimo \u0161irok spektar proizvoda za \u010di\u0161c\u0301enje uklju\u010dujuc\u0301i sredstva za \u010di\u0161c\u0301enje stakla, deterd\u017eente za sudove i ve\u0161, omek\u0161iva\u010de...\",\"breadcrumb\":{\"@id\":\"https:\\\/\\\/tacpoint.co.rs\\\/proizvod\\\/tac\\\/demi-voda-2\\\/#breadcrumb\"},\"inLanguage\":\"en-GB\",\"potentialAction\":[{\"@type\":\"ReadAction\",\"target\":[\"https:\\\/\\\/tacpoint.co.rs\\\/proizvod\\\/tac\\\/demi-voda-2\\\/\"]}]},{\"@type\":\"BreadcrumbList\",\"@id\":\"https:\\\/\\\/tacpoint.co.rs\\\/proizvod\\\/tac\\\/demi-voda-2\\\/#breadcrumb\",\"itemListElement\":[{\"@type\":\"ListItem\",\"position\":1,\"name\":\"Po\u010detna\",\"item\":\"https:\\\/\\\/tacpoint.co.rs\\\/\"},{\"@type\":\"ListItem\",\"position\":2,\"name\":\"Proizvodnja\",\"item\":\"https:\\\/\\\/tacpoint.co.rs\\\/proizvodnja\\\/\"},{\"@type\":\"ListItem\",\"position\":3,\"name\":\"Demi voda\"}]},{\"@type\":\"WebSite\",\"@id\":\"https:\\\/\\\/tacpoint.co.rs\\\/#website\",\"url\":\"https:\\\/\\\/tacpoint.co.rs\\\/\",\"name\":\"TAC Point\",\"description\":\"Ku\u0107na hemija\",\"publisher\":{\"@id\":\"https:\\\/\\\/tacpoint.co.rs\\\/#organization\"},\"potentialAction\":[{\"@type\":\"SearchAction\",\"target\":{\"@type\":\"EntryPoint\",\"urlTemplate\":\"https:\\\/\\\/tacpoint.co.rs\\\/?s={search_term_string}\"},\"query-input\":{\"@type\":\"PropertyValueSpecification\",\"valueRequired\":true,\"valueName\":\"search_term_string\"}}],\"inLanguage\":\"en-GB\"},{\"@type\":\"Organization\",\"@id\":\"https:\\\/\\\/tacpoint.co.rs\\\/#organization\",\"name\":\"Ku\u0107na hemija\",\"url\":\"https:\\\/\\\/tacpoint.co.rs\\\/\",\"logo\":{\"@type\":\"ImageObject\",\"inLanguage\":\"en-GB\",\"@id\":\"https:\\\/\\\/tacpoint.co.rs\\\/#\\\/schema\\\/logo\\\/image\\\/\",\"url\":\"https:\\\/\\\/tacpoint.co.rs\\\/wp-content\\\/uploads\\\/2023\\\/03\\\/tac-logo.png\",\"contentUrl\":\"https:\\\/\\\/tacpoint.co.rs\\\/wp-content\\\/uploads\\\/2023\\\/03\\\/tac-logo.png\",\"width\":721,\"height\":721,\"caption\":\"Ku\u0107na hemija\"},\"image\":{\"@id\":\"https:\\\/\\\/tacpoint.co.rs\\\/#\\\/schema\\\/logo\\\/image\\\/\"},\"sameAs\":[\"https:\\\/\\\/www.facebook.com\\\/tacpointdoo\\\/\",\"https:\\\/\\\/www.instagram.com\\\/tacpointdoo\\\/\",\"https:\\\/\\\/www.linkedin.com\\\/company\\\/tac-point\\\/\"]}]}<\/script>\n<!-- \/ Yoast SEO plugin. -->","yoast_head_json":{"title":"Demi voda | TAC Point","description":"Demi voda | Nudimo \u0161irok spektar proizvoda za \u010di\u0161c\u0301enje uklju\u010dujuc\u0301i sredstva za \u010di\u0161c\u0301enje stakla, deterd\u017eente za sudove i ve\u0161, omek\u0161iva\u010de...","robots":{"index":"index","follow":"follow","max-snippet":"max-snippet:-1","max-image-preview":"max-image-preview:large","max-video-preview":"max-video-preview:-1"},"canonical":"https:\/\/tacpoint.co.rs\/en\/proizvod\/tac\/demi-voda-2\/","og_locale":"en_GB","og_type":"article","og_title":"Demi voda | TAC Point","og_description":"Demi voda | Nudimo \u0161irok spektar proizvoda za \u010di\u0161c\u0301enje uklju\u010dujuc\u0301i sredstva za \u010di\u0161c\u0301enje stakla, deterd\u017eente za sudove i ve\u0161, omek\u0161iva\u010de...","og_url":"https:\/\/tacpoint.co.rs\/en\/proizvod\/tac\/demi-voda-2\/","og_site_name":"TAC Point","article_publisher":"https:\/\/www.facebook.com\/tacpointdoo\/","article_modified_time":"2023-12-07T13:46:26+00:00","og_image":[{"width":721,"height":721,"url":"https:\/\/tacpoint.co.rs\/wp-content\/uploads\/2023\/03\/tac-logo.png","type":"image\/png"}],"twitter_card":"summary_large_image","twitter_misc":{"Estimated reading time":"1 minute"},"schema":{"@context":"https:\/\/schema.org","@graph":[{"@type":"WebPage","@id":"https:\/\/tacpoint.co.rs\/proizvod\/tac\/demi-voda-2\/","url":"https:\/\/tacpoint.co.rs\/proizvod\/tac\/demi-voda-2\/","name":"Demi voda | TAC Point","isPartOf":{"@id":"https:\/\/tacpoint.co.rs\/#website"},"datePublished":"2023-03-10T11:44:31+00:00","dateModified":"2023-12-07T13:46:26+00:00","description":"Demi voda | Nudimo \u0161irok spektar proizvoda za \u010di\u0161c\u0301enje uklju\u010dujuc\u0301i sredstva za \u010di\u0161c\u0301enje stakla, deterd\u017eente za sudove i ve\u0161, omek\u0161iva\u010de...","breadcrumb":{"@id":"https:\/\/tacpoint.co.rs\/proizvod\/tac\/demi-voda-2\/#breadcrumb"},"inLanguage":"en-GB","potentialAction":[{"@type":"ReadAction","target":["https:\/\/tacpoint.co.rs\/proizvod\/tac\/demi-voda-2\/"]}]},{"@type":"BreadcrumbList","@id":"https:\/\/tacpoint.co.rs\/proizvod\/tac\/demi-voda-2\/#breadcrumb","itemListElement":[{"@type":"ListItem","position":1,"name":"Po\u010detna","item":"https:\/\/tacpoint.co.rs\/"},{"@type":"ListItem","position":2,"name":"Proizvodnja","item":"https:\/\/tacpoint.co.rs\/proizvodnja\/"},{"@type":"ListItem","position":3,"name":"Demi voda"}]},{"@type":"WebSite","@id":"https:\/\/tacpoint.co.rs\/#website","url":"https:\/\/tacpoint.co.rs\/","name":"TAC Point","description":"Ku\u0107na hemija","publisher":{"@id":"https:\/\/tacpoint.co.rs\/#organization"},"potentialAction":[{"@type":"SearchAction","target":{"@type":"EntryPoint","urlTemplate":"https:\/\/tacpoint.co.rs\/?s={search_term_string}"},"query-input":{"@type":"PropertyValueSpecification","valueRequired":true,"valueName":"search_term_string"}}],"inLanguage":"en-GB"},{"@type":"Organization","@id":"https:\/\/tacpoint.co.rs\/#organization","name":"Ku\u0107na hemija","url":"https:\/\/tacpoint.co.rs\/","logo":{"@type":"ImageObject","inLanguage":"en-GB","@id":"https:\/\/tacpoint.co.rs\/#\/schema\/logo\/image\/","url":"https:\/\/tacpoint.co.rs\/wp-content\/uploads\/2023\/03\/tac-logo.png","contentUrl":"https:\/\/tacpoint.co.rs\/wp-content\/uploads\/2023\/03\/tac-logo.png","width":721,"height":721,"caption":"Ku\u0107na hemija"},"image":{"@id":"https:\/\/tacpoint.co.rs\/#\/schema\/logo\/image\/"},"sameAs":["https:\/\/www.facebook.com\/tacpointdoo\/","https:\/\/www.instagram.com\/tacpointdoo\/","https:\/\/www.linkedin.com\/company\/tac-point\/"]}]}},"_links":{"self":[{"href":"https:\/\/tacpoint.co.rs\/en\/wp-json\/wp\/v2\/product\/464","targetHints":{"allow":["GET"]}}],"collection":[{"href":"https:\/\/tacpoint.co.rs\/en\/wp-json\/wp\/v2\/product"}],"about":[{"href":"https:\/\/tacpoint.co.rs\/en\/wp-json\/wp\/v2\/types\/product"}],"wp:attachment":[{"href":"https:\/\/tacpoint.co.rs\/en\/wp-json\/wp\/v2\/media?parent=464"}],"wp:term":[{"taxonomy":"product_brand","embeddable":true,"href":"https:\/\/tacpoint.co.rs\/en\/wp-json\/wp\/v2\/product_brand?post=464"},{"taxonomy":"product_cat","embeddable":true,"href":"https:\/\/tacpoint.co.rs\/en\/wp-json\/wp\/v2\/product_cat?post=464"},{"taxonomy":"product_tag","embeddable":true,"href":"https:\/\/tacpoint.co.rs\/en\/wp-json\/wp\/v2\/product_tag?post=464"}],"curies":[{"name":"wp","href":"https:\/\/api.w.org\/{rel}","templated":true}]}}