{"id":363,"date":"2023-03-10T10:54:46","date_gmt":"2023-03-10T09:54:46","guid":{"rendered":"https:\/\/casinocertificate.com\/?post_type=product&#038;p=363"},"modified":"2023-12-07T15:02:10","modified_gmt":"2023-12-07T14:02:10","slug":"odmascivac-2","status":"publish","type":"product","link":"https:\/\/tacpoint.co.rs\/en\/proizvod\/magija\/degreaser-2\/","title":{"rendered":"Degreaser"},"content":{"rendered":"<p>MAGIJA A multipurpose degreaser. It removes fat deposits and cleans greasy surfaces, ovens, grills, stoves, work surfaces, floors, sinks, tiles, aspirators, and pans. It can also be used for cleaning blinds, radiators, tools, and engines.<\/p>","protected":false},"excerpt":{"rendered":"<p>MAGIJA A multipurpose degreaser. It removes fat deposits and cleans greasy surfaces, ovens, grills, stoves, work surfaces, floors, sinks, tiles, aspirators, and pans. It can also be used for cleaning blinds, radiators, tools, and engines.<\/p>","protected":false},"featured_media":1611,"template":"","meta":{"_acf_changed":false},"product_brand":[],"product_cat":[18],"product_tag":[],"class_list":{"0":"post-363","1":"product","2":"type-product","3":"status-publish","4":"has-post-thumbnail","6":"product_cat-magija","8":"first","9":"instock","10":"shipping-taxable","11":"purchasable","12":"product-type-variable","13":"has-default-attributes"},"acf":[],"yoast_head":"<!-- This site is optimized with the Yoast SEO plugin v27.4 - https:\/\/yoast.com\/product\/yoast-seo-wordpress\/ -->\n<title>Odma\u0161\u0107iva\u010d | TAC Point<\/title>\n<meta name=\"description\" content=\"Odma\u0161\u0107iva\u010d | Nudimo \u0161irok spektar proizvoda za \u010di\u0161c\u0301enje uklju\u010dujuc\u0301i sredstva za \u010di\u0161c\u0301enje stakla, deterd\u017eente za sudove i ve\u0161, omek\u0161iva\u010de...\" \/>\n<meta name=\"robots\" content=\"index, follow, max-snippet:-1, max-image-preview:large, max-video-preview:-1\" \/>\n<link rel=\"canonical\" href=\"https:\/\/tacpoint.co.rs\/en\/proizvod\/magija\/degreaser-2\/\" \/>\n<meta property=\"og:locale\" content=\"en_GB\" \/>\n<meta property=\"og:type\" content=\"article\" \/>\n<meta property=\"og:title\" content=\"Odma\u0161\u0107iva\u010d | TAC Point\" \/>\n<meta property=\"og:description\" content=\"Odma\u0161\u0107iva\u010d | Nudimo \u0161irok spektar proizvoda za \u010di\u0161c\u0301enje uklju\u010dujuc\u0301i sredstva za \u010di\u0161c\u0301enje stakla, deterd\u017eente za sudove i ve\u0161, omek\u0161iva\u010de...\" \/>\n<meta property=\"og:url\" content=\"https:\/\/tacpoint.co.rs\/en\/proizvod\/magija\/degreaser-2\/\" \/>\n<meta property=\"og:site_name\" content=\"TAC Point\" \/>\n<meta property=\"article:publisher\" content=\"https:\/\/www.facebook.com\/tacpointdoo\/\" \/>\n<meta property=\"article:modified_time\" content=\"2023-12-07T14:02:10+00:00\" \/>\n<meta property=\"og:image\" content=\"https:\/\/tacpoint.co.rs\/wp-content\/uploads\/2023\/03\/Odmascivac-5l.jpg\" \/>\n\t<meta property=\"og:image:width\" content=\"1200\" \/>\n\t<meta property=\"og:image:height\" content=\"800\" \/>\n\t<meta property=\"og:image:type\" content=\"image\/jpeg\" \/>\n<meta name=\"twitter:card\" content=\"summary_large_image\" \/>\n<meta name=\"twitter:label1\" content=\"Estimated reading time\" \/>\n\t<meta name=\"twitter:data1\" content=\"1 minute\" \/>\n<script type=\"application\/ld+json\" class=\"yoast-schema-graph\">{\"@context\":\"https:\\\/\\\/schema.org\",\"@graph\":[{\"@type\":\"WebPage\",\"@id\":\"https:\\\/\\\/tacpoint.co.rs\\\/proizvod\\\/magija\\\/odmascivac-2\\\/\",\"url\":\"https:\\\/\\\/tacpoint.co.rs\\\/proizvod\\\/magija\\\/odmascivac-2\\\/\",\"name\":\"Odma\u0161\u0107iva\u010d | TAC Point\",\"isPartOf\":{\"@id\":\"https:\\\/\\\/tacpoint.co.rs\\\/#website\"},\"primaryImageOfPage\":{\"@id\":\"https:\\\/\\\/tacpoint.co.rs\\\/proizvod\\\/magija\\\/odmascivac-2\\\/#primaryimage\"},\"image\":{\"@id\":\"https:\\\/\\\/tacpoint.co.rs\\\/proizvod\\\/magija\\\/odmascivac-2\\\/#primaryimage\"},\"thumbnailUrl\":\"https:\\\/\\\/tacpoint.co.rs\\\/wp-content\\\/uploads\\\/2023\\\/03\\\/Odmascivac-5l.jpg\",\"datePublished\":\"2023-03-10T09:54:46+00:00\",\"dateModified\":\"2023-12-07T14:02:10+00:00\",\"description\":\"Odma\u0161\u0107iva\u010d | Nudimo \u0161irok spektar proizvoda za \u010di\u0161c\u0301enje uklju\u010dujuc\u0301i sredstva za \u010di\u0161c\u0301enje stakla, deterd\u017eente za sudove i ve\u0161, omek\u0161iva\u010de...\",\"breadcrumb\":{\"@id\":\"https:\\\/\\\/tacpoint.co.rs\\\/proizvod\\\/magija\\\/odmascivac-2\\\/#breadcrumb\"},\"inLanguage\":\"en-GB\",\"potentialAction\":[{\"@type\":\"ReadAction\",\"target\":[\"https:\\\/\\\/tacpoint.co.rs\\\/proizvod\\\/magija\\\/odmascivac-2\\\/\"]}]},{\"@type\":\"ImageObject\",\"inLanguage\":\"en-GB\",\"@id\":\"https:\\\/\\\/tacpoint.co.rs\\\/proizvod\\\/magija\\\/odmascivac-2\\\/#primaryimage\",\"url\":\"https:\\\/\\\/tacpoint.co.rs\\\/wp-content\\\/uploads\\\/2023\\\/03\\\/Odmascivac-5l.jpg\",\"contentUrl\":\"https:\\\/\\\/tacpoint.co.rs\\\/wp-content\\\/uploads\\\/2023\\\/03\\\/Odmascivac-5l.jpg\",\"width\":1200,\"height\":800,\"caption\":\"Odma\u0161\u0107iva\u010d 5l\"},{\"@type\":\"BreadcrumbList\",\"@id\":\"https:\\\/\\\/tacpoint.co.rs\\\/proizvod\\\/magija\\\/odmascivac-2\\\/#breadcrumb\",\"itemListElement\":[{\"@type\":\"ListItem\",\"position\":1,\"name\":\"Po\u010detna\",\"item\":\"https:\\\/\\\/tacpoint.co.rs\\\/\"},{\"@type\":\"ListItem\",\"position\":2,\"name\":\"Proizvodnja\",\"item\":\"https:\\\/\\\/tacpoint.co.rs\\\/proizvodnja\\\/\"},{\"@type\":\"ListItem\",\"position\":3,\"name\":\"Odma\u0161\u0107iva\u010d\"}]},{\"@type\":\"WebSite\",\"@id\":\"https:\\\/\\\/tacpoint.co.rs\\\/#website\",\"url\":\"https:\\\/\\\/tacpoint.co.rs\\\/\",\"name\":\"TAC Point\",\"description\":\"Ku\u0107na hemija\",\"publisher\":{\"@id\":\"https:\\\/\\\/tacpoint.co.rs\\\/#organization\"},\"potentialAction\":[{\"@type\":\"SearchAction\",\"target\":{\"@type\":\"EntryPoint\",\"urlTemplate\":\"https:\\\/\\\/tacpoint.co.rs\\\/?s={search_term_string}\"},\"query-input\":{\"@type\":\"PropertyValueSpecification\",\"valueRequired\":true,\"valueName\":\"search_term_string\"}}],\"inLanguage\":\"en-GB\"},{\"@type\":\"Organization\",\"@id\":\"https:\\\/\\\/tacpoint.co.rs\\\/#organization\",\"name\":\"Ku\u0107na hemija\",\"url\":\"https:\\\/\\\/tacpoint.co.rs\\\/\",\"logo\":{\"@type\":\"ImageObject\",\"inLanguage\":\"en-GB\",\"@id\":\"https:\\\/\\\/tacpoint.co.rs\\\/#\\\/schema\\\/logo\\\/image\\\/\",\"url\":\"https:\\\/\\\/tacpoint.co.rs\\\/wp-content\\\/uploads\\\/2023\\\/03\\\/tac-logo.png\",\"contentUrl\":\"https:\\\/\\\/tacpoint.co.rs\\\/wp-content\\\/uploads\\\/2023\\\/03\\\/tac-logo.png\",\"width\":721,\"height\":721,\"caption\":\"Ku\u0107na hemija\"},\"image\":{\"@id\":\"https:\\\/\\\/tacpoint.co.rs\\\/#\\\/schema\\\/logo\\\/image\\\/\"},\"sameAs\":[\"https:\\\/\\\/www.facebook.com\\\/tacpointdoo\\\/\",\"https:\\\/\\\/www.instagram.com\\\/tacpointdoo\\\/\",\"https:\\\/\\\/www.linkedin.com\\\/company\\\/tac-point\\\/\"]}]}<\/script>\n<!-- \/ Yoast SEO plugin. -->","yoast_head_json":{"title":"Odma\u0161\u0107iva\u010d | TAC Point","description":"Odma\u0161\u0107iva\u010d | Nudimo \u0161irok spektar proizvoda za \u010di\u0161c\u0301enje uklju\u010dujuc\u0301i sredstva za \u010di\u0161c\u0301enje stakla, deterd\u017eente za sudove i ve\u0161, omek\u0161iva\u010de...","robots":{"index":"index","follow":"follow","max-snippet":"max-snippet:-1","max-image-preview":"max-image-preview:large","max-video-preview":"max-video-preview:-1"},"canonical":"https:\/\/tacpoint.co.rs\/en\/proizvod\/magija\/degreaser-2\/","og_locale":"en_GB","og_type":"article","og_title":"Odma\u0161\u0107iva\u010d | TAC Point","og_description":"Odma\u0161\u0107iva\u010d | Nudimo \u0161irok spektar proizvoda za \u010di\u0161c\u0301enje uklju\u010dujuc\u0301i sredstva za \u010di\u0161c\u0301enje stakla, deterd\u017eente za sudove i ve\u0161, omek\u0161iva\u010de...","og_url":"https:\/\/tacpoint.co.rs\/en\/proizvod\/magija\/degreaser-2\/","og_site_name":"TAC Point","article_publisher":"https:\/\/www.facebook.com\/tacpointdoo\/","article_modified_time":"2023-12-07T14:02:10+00:00","og_image":[{"width":1200,"height":800,"url":"https:\/\/tacpoint.co.rs\/wp-content\/uploads\/2023\/03\/Odmascivac-5l.jpg","type":"image\/jpeg"}],"twitter_card":"summary_large_image","twitter_misc":{"Estimated reading time":"1 minute"},"schema":{"@context":"https:\/\/schema.org","@graph":[{"@type":"WebPage","@id":"https:\/\/tacpoint.co.rs\/proizvod\/magija\/odmascivac-2\/","url":"https:\/\/tacpoint.co.rs\/proizvod\/magija\/odmascivac-2\/","name":"Odma\u0161\u0107iva\u010d | TAC Point","isPartOf":{"@id":"https:\/\/tacpoint.co.rs\/#website"},"primaryImageOfPage":{"@id":"https:\/\/tacpoint.co.rs\/proizvod\/magija\/odmascivac-2\/#primaryimage"},"image":{"@id":"https:\/\/tacpoint.co.rs\/proizvod\/magija\/odmascivac-2\/#primaryimage"},"thumbnailUrl":"https:\/\/tacpoint.co.rs\/wp-content\/uploads\/2023\/03\/Odmascivac-5l.jpg","datePublished":"2023-03-10T09:54:46+00:00","dateModified":"2023-12-07T14:02:10+00:00","description":"Odma\u0161\u0107iva\u010d | Nudimo \u0161irok spektar proizvoda za \u010di\u0161c\u0301enje uklju\u010dujuc\u0301i sredstva za \u010di\u0161c\u0301enje stakla, deterd\u017eente za sudove i ve\u0161, omek\u0161iva\u010de...","breadcrumb":{"@id":"https:\/\/tacpoint.co.rs\/proizvod\/magija\/odmascivac-2\/#breadcrumb"},"inLanguage":"en-GB","potentialAction":[{"@type":"ReadAction","target":["https:\/\/tacpoint.co.rs\/proizvod\/magija\/odmascivac-2\/"]}]},{"@type":"ImageObject","inLanguage":"en-GB","@id":"https:\/\/tacpoint.co.rs\/proizvod\/magija\/odmascivac-2\/#primaryimage","url":"https:\/\/tacpoint.co.rs\/wp-content\/uploads\/2023\/03\/Odmascivac-5l.jpg","contentUrl":"https:\/\/tacpoint.co.rs\/wp-content\/uploads\/2023\/03\/Odmascivac-5l.jpg","width":1200,"height":800,"caption":"Odma\u0161\u0107iva\u010d 5l"},{"@type":"BreadcrumbList","@id":"https:\/\/tacpoint.co.rs\/proizvod\/magija\/odmascivac-2\/#breadcrumb","itemListElement":[{"@type":"ListItem","position":1,"name":"Po\u010detna","item":"https:\/\/tacpoint.co.rs\/"},{"@type":"ListItem","position":2,"name":"Proizvodnja","item":"https:\/\/tacpoint.co.rs\/proizvodnja\/"},{"@type":"ListItem","position":3,"name":"Odma\u0161\u0107iva\u010d"}]},{"@type":"WebSite","@id":"https:\/\/tacpoint.co.rs\/#website","url":"https:\/\/tacpoint.co.rs\/","name":"TAC Point","description":"Ku\u0107na hemija","publisher":{"@id":"https:\/\/tacpoint.co.rs\/#organization"},"potentialAction":[{"@type":"SearchAction","target":{"@type":"EntryPoint","urlTemplate":"https:\/\/tacpoint.co.rs\/?s={search_term_string}"},"query-input":{"@type":"PropertyValueSpecification","valueRequired":true,"valueName":"search_term_string"}}],"inLanguage":"en-GB"},{"@type":"Organization","@id":"https:\/\/tacpoint.co.rs\/#organization","name":"Ku\u0107na hemija","url":"https:\/\/tacpoint.co.rs\/","logo":{"@type":"ImageObject","inLanguage":"en-GB","@id":"https:\/\/tacpoint.co.rs\/#\/schema\/logo\/image\/","url":"https:\/\/tacpoint.co.rs\/wp-content\/uploads\/2023\/03\/tac-logo.png","contentUrl":"https:\/\/tacpoint.co.rs\/wp-content\/uploads\/2023\/03\/tac-logo.png","width":721,"height":721,"caption":"Ku\u0107na hemija"},"image":{"@id":"https:\/\/tacpoint.co.rs\/#\/schema\/logo\/image\/"},"sameAs":["https:\/\/www.facebook.com\/tacpointdoo\/","https:\/\/www.instagram.com\/tacpointdoo\/","https:\/\/www.linkedin.com\/company\/tac-point\/"]}]}},"_links":{"self":[{"href":"https:\/\/tacpoint.co.rs\/en\/wp-json\/wp\/v2\/product\/363","targetHints":{"allow":["GET"]}}],"collection":[{"href":"https:\/\/tacpoint.co.rs\/en\/wp-json\/wp\/v2\/product"}],"about":[{"href":"https:\/\/tacpoint.co.rs\/en\/wp-json\/wp\/v2\/types\/product"}],"wp:featuredmedia":[{"embeddable":true,"href":"https:\/\/tacpoint.co.rs\/en\/wp-json\/wp\/v2\/media\/1611"}],"wp:attachment":[{"href":"https:\/\/tacpoint.co.rs\/en\/wp-json\/wp\/v2\/media?parent=363"}],"wp:term":[{"taxonomy":"product_brand","embeddable":true,"href":"https:\/\/tacpoint.co.rs\/en\/wp-json\/wp\/v2\/product_brand?post=363"},{"taxonomy":"product_cat","embeddable":true,"href":"https:\/\/tacpoint.co.rs\/en\/wp-json\/wp\/v2\/product_cat?post=363"},{"taxonomy":"product_tag","embeddable":true,"href":"https:\/\/tacpoint.co.rs\/en\/wp-json\/wp\/v2\/product_tag?post=363"}],"curies":[{"name":"wp","href":"https:\/\/api.w.org\/{rel}","templated":true}]}}