{"id":345,"date":"2023-03-10T10:28:11","date_gmt":"2023-03-10T09:28:11","guid":{"rendered":"https:\/\/casinocertificate.com\/?post_type=product&#038;p=345"},"modified":"2024-05-23T07:57:56","modified_gmt":"2024-05-23T06:57:56","slug":"univerzalno-sredstvo-2","status":"publish","type":"product","link":"https:\/\/tacpoint.co.rs\/en\/proizvod\/profi-tac\/universal-liquid-2\/","title":{"rendered":"Universal Detergent"},"content":{"rendered":"<p>PROFI TAC The universal agent is a liquid detergent intended for removing dirt and scale from smooth surfaces in the household and public institutions. It cleans sanitary ware, ceramic tiles, shower cabins, and kitchen surfaces. It gives freshness to the room, makes the surfaces clean and shiny, and leaves a pleasant smell.<\/p>","protected":false},"excerpt":{"rendered":"<p>PROFI TAC The universal agent is a liquid detergent intended for removing dirt and scale from smooth surfaces in the household and public institutions. It cleans sanitary ware, ceramic tiles, shower cabins, and kitchen surfaces. It gives freshness to the room, makes the surfaces clean and shiny, and leaves a pleasant smell.<\/p>","protected":false},"featured_media":841,"template":"","meta":{"_acf_changed":false},"product_brand":[],"product_cat":[16],"product_tag":[48],"class_list":{"0":"post-345","1":"product","2":"type-product","3":"status-publish","4":"has-post-thumbnail","6":"product_cat-profi-tac","7":"product_tag-najprodavaniji","9":"first","10":"instock","11":"shipping-taxable","12":"purchasable","13":"product-type-variable","14":"has-default-attributes"},"acf":[],"yoast_head":"<!-- This site is optimized with the Yoast SEO plugin v27.4 - https:\/\/yoast.com\/product\/yoast-seo-wordpress\/ -->\n<title>Univerzalno sredstvo | TAC Point<\/title>\n<meta name=\"description\" content=\"Univerzalno sredstvo | Nudimo \u0161irok spektar proizvoda za \u010di\u0161c\u0301enje uklju\u010dujuc\u0301i sredstva za \u010di\u0161c\u0301enje stakla, deterd\u017eente za sudove i ve\u0161, omek\u0161iva\u010de...\" \/>\n<meta name=\"robots\" content=\"index, follow, max-snippet:-1, max-image-preview:large, max-video-preview:-1\" \/>\n<link rel=\"canonical\" href=\"https:\/\/tacpoint.co.rs\/en\/proizvod\/profi-tac\/universal-liquid-2\/\" \/>\n<meta property=\"og:locale\" content=\"en_GB\" \/>\n<meta property=\"og:type\" content=\"article\" \/>\n<meta property=\"og:title\" content=\"Univerzalno sredstvo | TAC Point\" \/>\n<meta property=\"og:description\" content=\"Univerzalno sredstvo | Nudimo \u0161irok spektar proizvoda za \u010di\u0161c\u0301enje uklju\u010dujuc\u0301i sredstva za \u010di\u0161c\u0301enje stakla, deterd\u017eente za sudove i ve\u0161, omek\u0161iva\u010de...\" \/>\n<meta property=\"og:url\" content=\"https:\/\/tacpoint.co.rs\/en\/proizvod\/profi-tac\/universal-liquid-2\/\" \/>\n<meta property=\"og:site_name\" content=\"TAC Point\" \/>\n<meta property=\"article:publisher\" content=\"https:\/\/www.facebook.com\/tacpointdoo\/\" \/>\n<meta property=\"article:modified_time\" content=\"2024-05-23T06:57:56+00:00\" \/>\n<meta property=\"og:image\" content=\"https:\/\/tacpoint.co.rs\/wp-content\/uploads\/2023\/03\/ProfiTAC_Uni_Sredstvo_0.5l.jpg\" \/>\n\t<meta property=\"og:image:width\" content=\"1200\" \/>\n\t<meta property=\"og:image:height\" content=\"800\" \/>\n\t<meta property=\"og:image:type\" content=\"image\/jpeg\" \/>\n<meta name=\"twitter:card\" content=\"summary_large_image\" \/>\n<meta name=\"twitter:label1\" content=\"Estimated reading time\" \/>\n\t<meta name=\"twitter:data1\" content=\"1 minute\" \/>\n<script type=\"application\/ld+json\" class=\"yoast-schema-graph\">{\"@context\":\"https:\\\/\\\/schema.org\",\"@graph\":[{\"@type\":\"WebPage\",\"@id\":\"https:\\\/\\\/tacpoint.co.rs\\\/proizvod\\\/profi-tac\\\/univerzalno-sredstvo-2\\\/\",\"url\":\"https:\\\/\\\/tacpoint.co.rs\\\/proizvod\\\/profi-tac\\\/univerzalno-sredstvo-2\\\/\",\"name\":\"Univerzalno sredstvo | TAC Point\",\"isPartOf\":{\"@id\":\"https:\\\/\\\/tacpoint.co.rs\\\/#website\"},\"primaryImageOfPage\":{\"@id\":\"https:\\\/\\\/tacpoint.co.rs\\\/proizvod\\\/profi-tac\\\/univerzalno-sredstvo-2\\\/#primaryimage\"},\"image\":{\"@id\":\"https:\\\/\\\/tacpoint.co.rs\\\/proizvod\\\/profi-tac\\\/univerzalno-sredstvo-2\\\/#primaryimage\"},\"thumbnailUrl\":\"https:\\\/\\\/tacpoint.co.rs\\\/wp-content\\\/uploads\\\/2023\\\/03\\\/ProfiTAC_Uni_Sredstvo_0.5l.jpg\",\"datePublished\":\"2023-03-10T09:28:11+00:00\",\"dateModified\":\"2024-05-23T06:57:56+00:00\",\"description\":\"Univerzalno sredstvo | Nudimo \u0161irok spektar proizvoda za \u010di\u0161c\u0301enje uklju\u010dujuc\u0301i sredstva za \u010di\u0161c\u0301enje stakla, deterd\u017eente za sudove i ve\u0161, omek\u0161iva\u010de...\",\"breadcrumb\":{\"@id\":\"https:\\\/\\\/tacpoint.co.rs\\\/proizvod\\\/profi-tac\\\/univerzalno-sredstvo-2\\\/#breadcrumb\"},\"inLanguage\":\"en-GB\",\"potentialAction\":[{\"@type\":\"ReadAction\",\"target\":[\"https:\\\/\\\/tacpoint.co.rs\\\/proizvod\\\/profi-tac\\\/univerzalno-sredstvo-2\\\/\"]}]},{\"@type\":\"ImageObject\",\"inLanguage\":\"en-GB\",\"@id\":\"https:\\\/\\\/tacpoint.co.rs\\\/proizvod\\\/profi-tac\\\/univerzalno-sredstvo-2\\\/#primaryimage\",\"url\":\"https:\\\/\\\/tacpoint.co.rs\\\/wp-content\\\/uploads\\\/2023\\\/03\\\/ProfiTAC_Uni_Sredstvo_0.5l.jpg\",\"contentUrl\":\"https:\\\/\\\/tacpoint.co.rs\\\/wp-content\\\/uploads\\\/2023\\\/03\\\/ProfiTAC_Uni_Sredstvo_0.5l.jpg\",\"width\":1200,\"height\":800,\"caption\":\"Profi TAC Univerzalno sredstvo 500ml\"},{\"@type\":\"BreadcrumbList\",\"@id\":\"https:\\\/\\\/tacpoint.co.rs\\\/proizvod\\\/profi-tac\\\/univerzalno-sredstvo-2\\\/#breadcrumb\",\"itemListElement\":[{\"@type\":\"ListItem\",\"position\":1,\"name\":\"Po\u010detna\",\"item\":\"https:\\\/\\\/tacpoint.co.rs\\\/\"},{\"@type\":\"ListItem\",\"position\":2,\"name\":\"Proizvodnja\",\"item\":\"https:\\\/\\\/tacpoint.co.rs\\\/proizvodnja\\\/\"},{\"@type\":\"ListItem\",\"position\":3,\"name\":\"Univerzalno sredstvo\"}]},{\"@type\":\"WebSite\",\"@id\":\"https:\\\/\\\/tacpoint.co.rs\\\/#website\",\"url\":\"https:\\\/\\\/tacpoint.co.rs\\\/\",\"name\":\"TAC Point\",\"description\":\"Ku\u0107na hemija\",\"publisher\":{\"@id\":\"https:\\\/\\\/tacpoint.co.rs\\\/#organization\"},\"potentialAction\":[{\"@type\":\"SearchAction\",\"target\":{\"@type\":\"EntryPoint\",\"urlTemplate\":\"https:\\\/\\\/tacpoint.co.rs\\\/?s={search_term_string}\"},\"query-input\":{\"@type\":\"PropertyValueSpecification\",\"valueRequired\":true,\"valueName\":\"search_term_string\"}}],\"inLanguage\":\"en-GB\"},{\"@type\":\"Organization\",\"@id\":\"https:\\\/\\\/tacpoint.co.rs\\\/#organization\",\"name\":\"Ku\u0107na hemija\",\"url\":\"https:\\\/\\\/tacpoint.co.rs\\\/\",\"logo\":{\"@type\":\"ImageObject\",\"inLanguage\":\"en-GB\",\"@id\":\"https:\\\/\\\/tacpoint.co.rs\\\/#\\\/schema\\\/logo\\\/image\\\/\",\"url\":\"https:\\\/\\\/tacpoint.co.rs\\\/wp-content\\\/uploads\\\/2023\\\/03\\\/tac-logo.png\",\"contentUrl\":\"https:\\\/\\\/tacpoint.co.rs\\\/wp-content\\\/uploads\\\/2023\\\/03\\\/tac-logo.png\",\"width\":721,\"height\":721,\"caption\":\"Ku\u0107na hemija\"},\"image\":{\"@id\":\"https:\\\/\\\/tacpoint.co.rs\\\/#\\\/schema\\\/logo\\\/image\\\/\"},\"sameAs\":[\"https:\\\/\\\/www.facebook.com\\\/tacpointdoo\\\/\",\"https:\\\/\\\/www.instagram.com\\\/tacpointdoo\\\/\",\"https:\\\/\\\/www.linkedin.com\\\/company\\\/tac-point\\\/\"]}]}<\/script>\n<!-- \/ Yoast SEO plugin. -->","yoast_head_json":{"title":"Univerzalno sredstvo | TAC Point","description":"Univerzalno sredstvo | Nudimo \u0161irok spektar proizvoda za \u010di\u0161c\u0301enje uklju\u010dujuc\u0301i sredstva za \u010di\u0161c\u0301enje stakla, deterd\u017eente za sudove i ve\u0161, omek\u0161iva\u010de...","robots":{"index":"index","follow":"follow","max-snippet":"max-snippet:-1","max-image-preview":"max-image-preview:large","max-video-preview":"max-video-preview:-1"},"canonical":"https:\/\/tacpoint.co.rs\/en\/proizvod\/profi-tac\/universal-liquid-2\/","og_locale":"en_GB","og_type":"article","og_title":"Univerzalno sredstvo | TAC Point","og_description":"Univerzalno sredstvo | Nudimo \u0161irok spektar proizvoda za \u010di\u0161c\u0301enje uklju\u010dujuc\u0301i sredstva za \u010di\u0161c\u0301enje stakla, deterd\u017eente za sudove i ve\u0161, omek\u0161iva\u010de...","og_url":"https:\/\/tacpoint.co.rs\/en\/proizvod\/profi-tac\/universal-liquid-2\/","og_site_name":"TAC Point","article_publisher":"https:\/\/www.facebook.com\/tacpointdoo\/","article_modified_time":"2024-05-23T06:57:56+00:00","og_image":[{"width":1200,"height":800,"url":"https:\/\/tacpoint.co.rs\/wp-content\/uploads\/2023\/03\/ProfiTAC_Uni_Sredstvo_0.5l.jpg","type":"image\/jpeg"}],"twitter_card":"summary_large_image","twitter_misc":{"Estimated reading time":"1 minute"},"schema":{"@context":"https:\/\/schema.org","@graph":[{"@type":"WebPage","@id":"https:\/\/tacpoint.co.rs\/proizvod\/profi-tac\/univerzalno-sredstvo-2\/","url":"https:\/\/tacpoint.co.rs\/proizvod\/profi-tac\/univerzalno-sredstvo-2\/","name":"Univerzalno sredstvo | TAC Point","isPartOf":{"@id":"https:\/\/tacpoint.co.rs\/#website"},"primaryImageOfPage":{"@id":"https:\/\/tacpoint.co.rs\/proizvod\/profi-tac\/univerzalno-sredstvo-2\/#primaryimage"},"image":{"@id":"https:\/\/tacpoint.co.rs\/proizvod\/profi-tac\/univerzalno-sredstvo-2\/#primaryimage"},"thumbnailUrl":"https:\/\/tacpoint.co.rs\/wp-content\/uploads\/2023\/03\/ProfiTAC_Uni_Sredstvo_0.5l.jpg","datePublished":"2023-03-10T09:28:11+00:00","dateModified":"2024-05-23T06:57:56+00:00","description":"Univerzalno sredstvo | Nudimo \u0161irok spektar proizvoda za \u010di\u0161c\u0301enje uklju\u010dujuc\u0301i sredstva za \u010di\u0161c\u0301enje stakla, deterd\u017eente za sudove i ve\u0161, omek\u0161iva\u010de...","breadcrumb":{"@id":"https:\/\/tacpoint.co.rs\/proizvod\/profi-tac\/univerzalno-sredstvo-2\/#breadcrumb"},"inLanguage":"en-GB","potentialAction":[{"@type":"ReadAction","target":["https:\/\/tacpoint.co.rs\/proizvod\/profi-tac\/univerzalno-sredstvo-2\/"]}]},{"@type":"ImageObject","inLanguage":"en-GB","@id":"https:\/\/tacpoint.co.rs\/proizvod\/profi-tac\/univerzalno-sredstvo-2\/#primaryimage","url":"https:\/\/tacpoint.co.rs\/wp-content\/uploads\/2023\/03\/ProfiTAC_Uni_Sredstvo_0.5l.jpg","contentUrl":"https:\/\/tacpoint.co.rs\/wp-content\/uploads\/2023\/03\/ProfiTAC_Uni_Sredstvo_0.5l.jpg","width":1200,"height":800,"caption":"Profi TAC Univerzalno sredstvo 500ml"},{"@type":"BreadcrumbList","@id":"https:\/\/tacpoint.co.rs\/proizvod\/profi-tac\/univerzalno-sredstvo-2\/#breadcrumb","itemListElement":[{"@type":"ListItem","position":1,"name":"Po\u010detna","item":"https:\/\/tacpoint.co.rs\/"},{"@type":"ListItem","position":2,"name":"Proizvodnja","item":"https:\/\/tacpoint.co.rs\/proizvodnja\/"},{"@type":"ListItem","position":3,"name":"Univerzalno sredstvo"}]},{"@type":"WebSite","@id":"https:\/\/tacpoint.co.rs\/#website","url":"https:\/\/tacpoint.co.rs\/","name":"TAC Point","description":"Ku\u0107na hemija","publisher":{"@id":"https:\/\/tacpoint.co.rs\/#organization"},"potentialAction":[{"@type":"SearchAction","target":{"@type":"EntryPoint","urlTemplate":"https:\/\/tacpoint.co.rs\/?s={search_term_string}"},"query-input":{"@type":"PropertyValueSpecification","valueRequired":true,"valueName":"search_term_string"}}],"inLanguage":"en-GB"},{"@type":"Organization","@id":"https:\/\/tacpoint.co.rs\/#organization","name":"Ku\u0107na hemija","url":"https:\/\/tacpoint.co.rs\/","logo":{"@type":"ImageObject","inLanguage":"en-GB","@id":"https:\/\/tacpoint.co.rs\/#\/schema\/logo\/image\/","url":"https:\/\/tacpoint.co.rs\/wp-content\/uploads\/2023\/03\/tac-logo.png","contentUrl":"https:\/\/tacpoint.co.rs\/wp-content\/uploads\/2023\/03\/tac-logo.png","width":721,"height":721,"caption":"Ku\u0107na hemija"},"image":{"@id":"https:\/\/tacpoint.co.rs\/#\/schema\/logo\/image\/"},"sameAs":["https:\/\/www.facebook.com\/tacpointdoo\/","https:\/\/www.instagram.com\/tacpointdoo\/","https:\/\/www.linkedin.com\/company\/tac-point\/"]}]}},"_links":{"self":[{"href":"https:\/\/tacpoint.co.rs\/en\/wp-json\/wp\/v2\/product\/345","targetHints":{"allow":["GET"]}}],"collection":[{"href":"https:\/\/tacpoint.co.rs\/en\/wp-json\/wp\/v2\/product"}],"about":[{"href":"https:\/\/tacpoint.co.rs\/en\/wp-json\/wp\/v2\/types\/product"}],"wp:featuredmedia":[{"embeddable":true,"href":"https:\/\/tacpoint.co.rs\/en\/wp-json\/wp\/v2\/media\/841"}],"wp:attachment":[{"href":"https:\/\/tacpoint.co.rs\/en\/wp-json\/wp\/v2\/media?parent=345"}],"wp:term":[{"taxonomy":"product_brand","embeddable":true,"href":"https:\/\/tacpoint.co.rs\/en\/wp-json\/wp\/v2\/product_brand?post=345"},{"taxonomy":"product_cat","embeddable":true,"href":"https:\/\/tacpoint.co.rs\/en\/wp-json\/wp\/v2\/product_cat?post=345"},{"taxonomy":"product_tag","embeddable":true,"href":"https:\/\/tacpoint.co.rs\/en\/wp-json\/wp\/v2\/product_tag?post=345"}],"curies":[{"name":"wp","href":"https:\/\/api.w.org\/{rel}","templated":true}]}}